{"id":6452,"date":"2023-05-08T12:25:02","date_gmt":"2023-05-08T10:25:02","guid":{"rendered":"https:\/\/nebula-handpans.com\/privacy\/"},"modified":"2023-09-25T14:08:43","modified_gmt":"2023-09-25T12:08:43","slug":"privacy","status":"publish","type":"page","link":"https:\/\/nebula-handpans.com\/en\/privacy\/","title":{"rendered":"Privacy"},"content":{"rendered":"[vc_row type=&#8221;in_container&#8221; full_screen_row_position=&#8221;middle&#8221; column_margin=&#8221;default&#8221; column_direction=&#8221;default&#8221; column_direction_tablet=&#8221;default&#8221; column_direction_phone=&#8221;default&#8221; scene_position=&#8221;center&#8221; bottom_padding=&#8221;50&#8243; text_color=&#8221;dark&#8221; text_align=&#8221;left&#8221; row_border_radius=&#8221;none&#8221; row_border_radius_applies=&#8221;bg&#8221; overflow=&#8221;visible&#8221; overlay_strength=&#8221;0.3&#8243; gradient_direction=&#8221;left_to_right&#8221; shape_divider_position=&#8221;bottom&#8221; bg_image_animation=&#8221;none&#8221; gradient_type=&#8221;default&#8221; shape_type=&#8221;&#8221;][vc_column column_padding=&#8221;no-extra-padding&#8221; column_padding_tablet=&#8221;inherit&#8221; column_padding_phone=&#8221;inherit&#8221; column_padding_position=&#8221;all&#8221; column_element_direction_desktop=&#8221;default&#8221; column_element_spacing=&#8221;default&#8221; desktop_text_alignment=&#8221;default&#8221; tablet_text_alignment=&#8221;default&#8221; phone_text_alignment=&#8221;default&#8221; background_color_opacity=&#8221;1&#8243; background_hover_color_opacity=&#8221;1&#8243; column_backdrop_filter=&#8221;none&#8221; column_shadow=&#8221;none&#8221; column_border_radius=&#8221;none&#8221; column_link_target=&#8221;_self&#8221; column_position=&#8221;default&#8221; gradient_direction=&#8221;left_to_right&#8221; overlay_strength=&#8221;0.3&#8243; width=&#8221;1\/1&#8243; tablet_width_inherit=&#8221;default&#8221; animation_type=&#8221;default&#8221; bg_image_animation=&#8221;none&#8221; border_type=&#8221;simple&#8221; column_border_width=&#8221;none&#8221; column_border_style=&#8221;solid&#8221;][vc_custom_heading text=&#8221;Privacy&#8221; font_container=&#8221;tag:h1|text_align:left&#8221; use_theme_fonts=&#8221;yes&#8221;][divider line_type=&#8221;No Line&#8221; custom_height=&#8221;30&#8243;][vc_column_text]\n&#13;\n<p>Diese Datenschutzerkl\u00e4rung kl\u00e4rt Sie \u00fcber die Art, den Umfang und Zweck der Verarbeitung von personenbezogenen Daten (nachfolgend kurz &#8220;Daten&#8221;) innerhalb unseres Onlineshops Nebula Handpans und der mit ihm verbundenen Webseiten, Funktionen und Inhalte sowie externen Onlinepr\u00e4senzen, wie z.B. unser Social Media Profile auf (nachfolgend gemeinsam bezeichnet als &#8220;Onlineshop&#8221;). Im Hinblick auf die verwendeten Begrifflichkeiten, wie z.B. &#8220;Verarbeitung&#8221; oder &#8220;Verantwortlicher&#8221; verweisen wir auf die Definitionen im Art. 4 der Datenschutz-Grundverordnung (DSGVO) und des Datenschutzgesetzes (DSG) in der geltenden Fassung.<\/p>&#13;\n<p>\u00a0<\/p>&#13;\n<p><strong>Verantwortlicher<\/strong><\/p>&#13;\n<p>Nebula Handpans Marcel Hutter<br\/>Kreuzlandstra\u00dfe 27<\/p>&#13;\n<p>A-4611 Buchkirchen<\/p>&#13;\n<p>phone +43 660 5426142<\/p>&#13;\n<p><a href=\"mailto:marcelhutter@gmx.net\">info@nebula-handpans.com<\/a><\/p>&#13;\n<p><a href=\"http:\/\/www.nebula-handpans.com\">www.nebula-handpans.com<\/a><\/p>&#13;\n<p>UID-Nr: ATU 79538537<\/p>&#13;\n<p>\u00a0<\/p>&#13;\n<p><strong>Arten der verarbeiteten Daten<\/strong><\/p>&#13;\n<p>Bestandsdaten (z.B. Namen, Adressen).<\/p>&#13;\n<p>Kontaktdaten (z.B. E-Mail, Telefonnummern).<\/p>&#13;\n<p>Inhaltsdaten (z.B. Texteingaben, Fotografien, Videos).<\/p>&#13;\n<p>Nutzungsdaten (z.B. besuchte Webseiten, Interesse an Inhalten, Zugriffszeiten).<\/p>&#13;\n<p>Meta-\/Kommunikationsdaten (z.B. Ger\u00e4te-Informationen, IP-Adressen).<\/p>&#13;\n<p>\u00a0<\/p>&#13;\n<p><strong>Zweck der Verarbeitung<\/strong><\/p>&#13;\n<p>Zur Verf\u00fcgungstellung des Onlineshops, seiner Funktionen und Inhalte.<\/p>&#13;\n<p>Beantwortung von Kontaktanfragen und Kommunikation mit Nutzern.<\/p>&#13;\n<p>Sicherheitsma\u00dfnahmen.<\/p>&#13;\n<p>Reichweitenmessung\/Marketing.<\/p>&#13;\n<p>Ma\u00dfgebliche Rechtsgrundlagen<\/p>&#13;\n<p>\u00a0<\/p>&#13;\n<p>Gem\u00e4\u00df Art. 13 DSGVO teilen wir Ihnen die Rechtsgrundlagen unserer Datenverarbeitungen mit. Sofern die Rechtsgrundlage in der Datenschutzerkl\u00e4rung nicht genannt wird, gilt Folgendes: Die Rechtsgrundlage f\u00fcr die Einholung von Einwilligungen ist Art. 6 Abs. 1 lit. a und Art. 7 DSGVO, die Rechtsgrundlage f\u00fcr die Verarbeitung zur Erf\u00fcllung unserer Leistungen und Durchf\u00fchrung vertraglicher Ma\u00dfnahmen sowie Beantwortung von Anfragen ist Art. 6 Abs. 1 lit. b DSGVO, die Rechtsgrundlage f\u00fcr die Verarbeitung zur Erf\u00fcllung unserer rechtlichen Verpflichtungen ist Art. 6 Abs. 1 lit. c DSGVO, und die Rechtsgrundlage f\u00fcr die Verarbeitung zur Wahrung unserer berechtigten Interessen ist Art. 6 Abs. 1 lit. f DSGVO.<\/p>&#13;\n<p><strong>Sicherheitsma\u00dfnahmen<\/strong><\/p>&#13;\n<p>Wir treffen nach Ma\u00dfgabe des Art. 32 DSGVO entsprechende technische und organisatorische Ma\u00dfnahmen, um ein dem Risiko angemessenes Schutzniveau zu gew\u00e4hrleisten.<strong>\u00a0<\/strong><\/p>&#13;\n<p>\u00a0<\/p>&#13;\n<p><strong>SSL-Verschl\u00fcsselung<\/strong><\/p>&#13;\n<p>Um die Sicherheit Ihrer Daten bei der \u00dcbertragung zu sch\u00fctzen, verwenden wir dem aktuellen Stand der Technik entsprechende Verschl\u00fcsselungsverfahren (z. B. SSL) \u00fcber HTTPS.<\/p>&#13;\n<p>\u00a0<\/p>&#13;\n<p><strong>Cookies<\/strong><\/p>&#13;\n<p>Cookies sind kleine Textdateien, die von Websites auf Ihrem Computer oder Ger\u00e4t gespeichert werden, wenn Sie diese besuchen. Sie dienen dazu, Informationen \u00fcber Ihre Interaktionen mit der Website zu speichern und erm\u00f6glichen es der Website, sich an bestimmte Informationen \u00fcber Sie zu erinnern.<\/p>&#13;\n<p>\u00a0<\/p>&#13;\n<p><strong>\u00c4nderungen und Aktualisierungen der Datenschutzerkl\u00e4rung<\/strong><\/p>&#13;\n<p>Bitte beachten Sie, dass diese Datenschutzerkl\u00e4rung in regelm\u00e4\u00dfigen Abst\u00e4nden angepasst werden kann, um \u00c4nderungen in rechtlichen Bestimmungen oder bei der Implementierung neuer Funktionen und Dienste im Onlineshop zu ber\u00fccksichtigen. Es gilt stets die zum Zeitpunkt Ihres Besuchs auf unserer Webseite aktuelle Datenschutzerkl\u00e4rung.<\/p>&#13;\n[\/vc_column_text][\/vc_column][\/vc_row]","protected":false},"excerpt":{"rendered":"<p>[vc_row type=&#8221;in_container&#8221; full_screen_row_position=&#8221;middle&#8221; column_margin=&#8221;default&#8221; column_direction=&#8221;default&#8221; column_direction_tablet=&#8221;default&#8221; column_direction_phone=&#8221;default&#8221; scene_position=&#8221;center&#8221; bottom_padding=&#8221;50&#8243; text_color=&#8221;dark&#8221; text_align=&#8221;left&#8221; row_border_radius=&#8221;none&#8221; row_border_radius_applies=&#8221;bg&#8221; overflow=&#8221;visible&#8221; overlay_strength=&#8221;0.3&#8243; gradient_direction=&#8221;left_to_right&#8221; shape_divider_position=&#8221;bottom&#8221; bg_image_animation=&#8221;none&#8221; gradient_type=&#8221;default&#8221; shape_type=&#8221;&#8221;][vc_column column_padding=&#8221;no-extra-padding&#8221; column_padding_tablet=&#8221;inherit&#8221; column_padding_phone=&#8221;inherit&#8221; column_padding_position=&#8221;all&#8221; column_element_direction_desktop=&#8221;default&#8221; column_element_spacing=&#8221;default&#8221; desktop_text_alignment=&#8221;default&#8221; tablet_text_alignment=&#8221;default&#8221; phone_text_alignment=&#8221;default&#8221; background_color_opacity=&#8221;1&#8243;&#8230;<\/p>\n","protected":false},"author":1,"featured_media":0,"parent":0,"menu_order":0,"comment_status":"closed","ping_status":"closed","template":"","meta":{"footnotes":""},"class_list":["post-6452","page","type-page","status-publish"],"aioseo_notices":[],"_links":{"self":[{"href":"https:\/\/nebula-handpans.com\/en\/wp-json\/wp\/v2\/pages\/6452","targetHints":{"allow":["GET"]}}],"collection":[{"href":"https:\/\/nebula-handpans.com\/en\/wp-json\/wp\/v2\/pages"}],"about":[{"href":"https:\/\/nebula-handpans.com\/en\/wp-json\/wp\/v2\/types\/page"}],"author":[{"embeddable":true,"href":"https:\/\/nebula-handpans.com\/en\/wp-json\/wp\/v2\/users\/1"}],"replies":[{"embeddable":true,"href":"https:\/\/nebula-handpans.com\/en\/wp-json\/wp\/v2\/comments?post=6452"}],"version-history":[{"count":6,"href":"https:\/\/nebula-handpans.com\/en\/wp-json\/wp\/v2\/pages\/6452\/revisions"}],"predecessor-version":[{"id":7135,"href":"https:\/\/nebula-handpans.com\/en\/wp-json\/wp\/v2\/pages\/6452\/revisions\/7135"}],"wp:attachment":[{"href":"https:\/\/nebula-handpans.com\/en\/wp-json\/wp\/v2\/media?parent=6452"}],"curies":[{"name":"wp","href":"https:\/\/api.w.org\/{rel}","templated":true}]}}